{"id":831,"date":"2022-07-08T10:55:59","date_gmt":"2022-07-08T08:55:59","guid":{"rendered":"https:\/\/svabarcelona.com\/?page_id=831"},"modified":"2022-07-08T11:43:56","modified_gmt":"2022-07-08T09:43:56","slug":"politica-de-redes-sociales","status":"publish","type":"page","link":"https:\/\/svabarcelona.com\/es\/politica-de-redes-sociales\/","title":{"rendered":"Pol\u00edtica de redes sociales"},"content":{"rendered":"<p><strong>POL\u00cdTICA DE XARXES SOCIALS<\/strong><\/p>\n<ol>\n<li><strong> INFORMACI\u00d3 A L&#8217;USUARI<\/strong><\/li>\n<\/ol>\n<p>Qui \u00e9s el responsable del tractament de les teves dades personals?<\/p>\n<p>BARCELONA GESTI\u00d3 I SERVEIS DE SUPORT VITAL AVAN\u00c7AT, S.L.\u00a0 en endavant, RESPONSABLE, informa a l&#8217;USUARI que ha procedit a crear un perfil a les Xarxes Socials Instagram i LinkedIn que \u00e9s el responsable del tractament de les dades personals de l&#8217;usuari que es dugui a terme en aquestes xarxes socials i us informa que aquestes dades seran tractades de conformitat amb el que disposa el Reglament (UE) 2016\/679, de 27 d&#8217;abril (GDPR), i la Llei Org\u00e0nica 3\/2018, de 5 de desembre (LOPDGDD), per la qual cosa se li facilita la informaci\u00f3 seg\u00fcent del tractament:<br \/>\n&nbsp;<br \/>\nPer qu\u00e8 tractem les teves dades personals?<\/p>\n<p>Fi del tractament: mantenir una relaci\u00f3 entre l&#8217;USUARI i el RESPONSABLE que pot incloure les operacions seg\u00fcents:<\/p>\n<div class=\"m_-3677907345755465938s108\"><span class=\"m_-3677907345755465938s71\">\u25aa\u00a0<\/span>Tramitar sol\u00b7licituds i consultes plantejades al responsable<\/div>\n<div class=\"m_-3677907345755465938s108\"><span class=\"m_-3677907345755465938s71\">\u25aa\u00a0<\/span>Informar sobre activitats i esdeveniments organitzats pel responsable<\/div>\n<div class=\"m_-3677907345755465938s108\"><span class=\"m_-3677907345755465938s71\">\u25aa\u00a0<\/span>Informar sobre productes o serveis oferts pel responsable<\/div>\n<div class=\"m_-3677907345755465938s108\"><span class=\"m_-3677907345755465938s71\">\u25aa\u00a0<\/span>Interactuar a trav\u00e9s dels perfils oficials<\/div>\n<p>&nbsp;<br \/>\nPer quin motiu podem tractar les dades personals?<\/p>\n<p>Base jur\u00eddica del tractament: article 6.1.a GDPR, l&#8217;interessat ha donat el seu consentiment per al tractament de les seves dades personals per a un o diversos fins espec\u00edfics. L&#8217;USUARI disposa d&#8217;un perfil a la mateixa xarxa social i ha decidit unir-se a la xarxa social del RESPONSABLE mostrant aix\u00ed inter\u00e8s en la informaci\u00f3 que s&#8217;hi publiqui, per tant, en el moment de sol\u00b7licitar seguir els nostres perfils oficials, ens facilita la seva consentiment per al tractament d&#8217;aquelles dades personals publicades al seu perfil.<\/p>\n<p>L&#8217;USUARI pot accedir en tot moment a les pol\u00edtiques de privadesa de la pr\u00f2pia xarxa social, aix\u00ed com configurar el seu perfil per garantir la seva privadesa.<\/p>\n<p>El RESPONSABLE hi t\u00e9 acc\u00e9s i tracta aquella informaci\u00f3 p\u00fablica de l&#8217;USUARI, en especial, el nom de contacte. Aquestes dades nom\u00e9s s\u00f3n utilitzades dins de la pr\u00f2pia xarxa social i \u00fanicament s&#8217;incorporaran a un fitxer del RESPONSABLE quan sigui necessari per tramitar la petici\u00f3 de l&#8217;USUARI.<br \/>\n&nbsp;<br \/>\nDurant quant de temps guardarem les teves dades personals?<\/p>\n<p>Criteris de conservaci\u00f3 de les dades: es conservaran mentre l&#8217;USUARI no revoqui el consentiment prestat tal com s&#8217;indica a aquesta pol\u00edtica de privadesa.<br \/>\n&nbsp;<br \/>\nA qui facilitem les teves dades personals?<\/p>\n<p>Comunicaci\u00f3 de les dades: la informaci\u00f3 facilitada per l&#8217;USUARI a trav\u00e9s de les xarxes socials del RESPONSABLE, incloses les dades personals, pot ser publicada, sempre en funci\u00f3 dels serveis que l&#8217;USUARI utilitzi, per la qual cosa podr\u00e0 quedar a disposici\u00f3 p\u00fablica d&#8217;altres tercers usuaris de les xarxes socials. Des del perfil de cada xarxa social, l&#8217;USUARI pot configurar quina informaci\u00f3 vol fer p\u00fablica en cada cas, veure els permisos que s&#8217;han concedit, eliminar-los o desactivar-los, com qualsevol aplicaci\u00f3 d&#8217;un tercer que ja no es vol utilitzar.<\/p>\n<p>No est\u00e0 prevista cap comunicaci\u00f3 de dades personals a tercers fora de la xarxa social excepte, si fos imprescindible per al desenvolupament i execuci\u00f3 de les finalitats del tractament, als nostres prove\u00efdors de serveis relacionats amb comunicacions, amb els quals el RESPONSABLE t\u00e9 subscrits els contractes de confidencialitat i encarregat de tractament exigits per la normativa vigent de privadesa.<br \/>\n&nbsp;<br \/>\nQuins s\u00f3n els teus drets?<\/p>\n<p>Drets que assisteixen a l&#8217;USUARI: nom\u00e9s podran satisfer-se en relaci\u00f3 amb aquella informaci\u00f3 que es troba sota el control del RESPONSABLE.<\/p>\n<div class=\"m_-3677907345755465938s108\"><span class=\"m_-3677907345755465938s71\">\u25aa\u00a0<\/span>Dret a retirar el consentiment en qualsevol moment<\/div>\n<div class=\"m_-3677907345755465938s108\"><span class=\"m_-3677907345755465938s71\">\u25aa\u00a0<\/span>Dret d&#8217;acc\u00e9s, rectificaci\u00f3, portabilitat i supressi\u00f3 de les vostres dades, i de limitaci\u00f3 o oposici\u00f3 al tractament<\/div>\n<div class=\"m_-3677907345755465938s108\"><span class=\"m_-3677907345755465938s71\">\u25aa\u00a0<\/span>Dret a presentar una reclamaci\u00f3 davant de l&#8217;autoritat de control (<a href=\"http:\/\/www.aepd.es\">www.aepd.es<\/a>) si considera que el tractament no s&#8217;ajusta a la normativa vigent<\/div>\n<p>&nbsp;<br \/>\nDades de contacte per exercir els vostres drets:<\/p>\n<p>Direcci\u00f3: Atzavara 6 A 08480 L\u00b4Ametlla del Vall\u00e8s.<br \/>\nTel.: +34 608779030<br \/>\nE-mail: <a href=\"mailto:info@svabarcelona.com\">info@svabarcelona.com<\/a><\/p>\n<p>&nbsp;<\/p>\n<ol start=\"2\">\n<li><strong> UTILITZACI\u00d3 DEL PERFIL<\/strong><\/li>\n<\/ol>\n<p>El RESPONSABLE realitzar\u00e0 les actuacions seg\u00fcents:<\/p>\n<div class=\"m_-3677907345755465938s108\"><span class=\"m_-3677907345755465938s71\">\u25aa\u00a0<\/span>Acc\u00e9s a la informaci\u00f3 p\u00fablica del perfil<\/div>\n<div class=\"m_-3677907345755465938s108\"><span class=\"m_-3677907345755465938s71\">\u25aa\u00a0<\/span>Publicaci\u00f3 al perfil de l&#8217;USUARI de tota aquella informaci\u00f3 ja publicada a la xarxa social del RESPONSABLE<\/div>\n<div class=\"m_-3677907345755465938s108\"><span class=\"m_-3677907345755465938s71\">\u25aa\u00a0<\/span>Enviar missatges personals i individuals a trav\u00e9s dels canals de la xarxa social<\/div>\n<div class=\"m_-3677907345755465938s108\"><span class=\"m_-3677907345755465938s71\">\u25aa\u00a0<\/span>Actualitzacions de l&#8217;estat de la p\u00e0gina que es publicaran al perfil de l&#8217;USUARI<\/div>\n<p>&nbsp;<br \/>\nL&#8217;USUARI sempre pot controlar les connexions, eliminar els continguts que deixin d&#8217;interessar-li i restringir amb qui comparteix les connexions; per aix\u00f2 haur\u00e0 d&#8217;accedir a la seva configuraci\u00f3 de privadesa.<br \/>\n&nbsp;<\/p>\n<ol start=\"3\">\n<li><strong> PUBLICACIONS<\/strong><\/li>\n<\/ol>\n<p>L&#8217;USUARI, un cop sigui seguidor o s&#8217;hagi unit a la xarxa social del RESPONSABLE, podr\u00e0 publicar en aquests comentaris, enlla\u00e7os, imatges, fotografies o qualsevol altre tipus de contingut multim\u00e8dia suportat per aquesta. L&#8217;USUARI, en tots els casos, ha de ser el titular del contingut publicat, gaudir dels drets d&#8217;autor i de propietat intel\u00b7lectual o comptar amb el consentiment dels tercers afectats.<\/p>\n<p>Es prohibeix expressament qualsevol publicaci\u00f3 a la xarxa social, ja siguin textos, gr\u00e0fics, fotografies, v\u00eddeos, etc. que atemptin o siguin susceptibles d&#8217;atemptar contra la moral, l&#8217;\u00e8tica, el bon gust o el dec\u00f2rum, i\/o que infringeixin, violin o trenquin els drets de propietat intel\u00b7lectual o industrial, el dret a la imatge o la Llei.<\/p>\n<p>En aquests casos, el RESPONSABLE es reserva el dret de retirar immediatament el contingut, sense comunicaci\u00f3 pr\u00e8via, podent sol\u00b7licitar el bloqueig permanent de l&#8217;USUARI.<\/p>\n<p>El RESPONSABLE no es far\u00e0 responsable dels continguts que lliurement ha publicat un USUARI.<\/p>\n<p>L&#8217;USUARI ha de tenir present que les seves publicacions seran conegudes per altres usuaris, per la qual cosa ell mateix \u00e9s el principal responsable de la seva privadesa.<\/p>\n<p>Les imatges que puguin publicar-se a la xarxa social no seran emmagatzemades en cap fitxer per part del RESPONSABLE, per\u00f2 s\u00ed que romandran a la xarxa social.<\/p>\n<p>&nbsp;<\/p>\n<ol start=\"4\">\n<li><strong> DADES DE MENORS D&#8217;EDAT O PERSONES AMB CAPACITATS ESPECIALS<\/strong><\/li>\n<\/ol>\n<p>L&#8217;acc\u00e9s i el registre a trav\u00e9s de les xarxes socials del RESPONSABLE est\u00e0 prohibit a menors de 14 anys. Per part seva, si l&#8217;USUARI t\u00e9 capacitats especials, caldr\u00e0 la intervenci\u00f3 del titular de la seva p\u00e0tria potestat o tutela, o del seu representant legal mitjan\u00e7ant document v\u00e0lid que acrediti la representaci\u00f3.<\/p>\n<p>El RESPONSABLE queda exonerat expressament de qualsevol responsabilitat que pogu\u00e9s derivar-se de l&#8217;\u00fas de les xarxes socials per part de menors o persones amb capacitats especials. Les xarxes socials del RESPONSABLE no recullen conscientment cap informaci\u00f3 personal de menors d&#8217;edat, per aix\u00f2, si l&#8217;USUARI \u00e9s menor d&#8217;edat, no s&#8217;ha de registrar ni utilitzar les xarxes socials del RESPONSABLE ni proporcionar cap informaci\u00f3 personal.<\/p>\n","protected":false},"excerpt":{"rendered":"<p>POL\u00cdTICA DE XARXES SOCIALS INFORMACI\u00d3 A L&#8217;USUARI Qui \u00e9s el responsable del tractament de les teves dades personals? BARCELONA GESTI\u00d3 I SERVEIS DE SUPORT VITAL AVAN\u00c7AT, S.L.\u00a0 en endavant, RESPONSABLE, informa a l&#8217;USUARI que ha procedit a crear un perfil a les Xarxes Socials Instagram i LinkedIn que \u00e9s el responsable del tractament de les &hellip; <a href=\"https:\/\/svabarcelona.com\/es\/politica-de-redes-sociales\/\" class=\"more-link\">Seguir leyendo <span class=\"screen-reader-text\">Pol\u00edtica de redes sociales<\/span> <span class=\"meta-nav\">&rarr;<\/span><\/a><\/p>\n","protected":false},"author":1,"featured_media":0,"parent":0,"menu_order":0,"comment_status":"closed","ping_status":"closed","template":"","meta":{"_acf_changed":false,"footnotes":""},"acf":[],"_links":{"self":[{"href":"https:\/\/svabarcelona.com\/es\/wp-json\/wp\/v2\/pages\/831"}],"collection":[{"href":"https:\/\/svabarcelona.com\/es\/wp-json\/wp\/v2\/pages"}],"about":[{"href":"https:\/\/svabarcelona.com\/es\/wp-json\/wp\/v2\/types\/page"}],"author":[{"embeddable":true,"href":"https:\/\/svabarcelona.com\/es\/wp-json\/wp\/v2\/users\/1"}],"replies":[{"embeddable":true,"href":"https:\/\/svabarcelona.com\/es\/wp-json\/wp\/v2\/comments?post=831"}],"version-history":[{"count":3,"href":"https:\/\/svabarcelona.com\/es\/wp-json\/wp\/v2\/pages\/831\/revisions"}],"predecessor-version":[{"id":836,"href":"https:\/\/svabarcelona.com\/es\/wp-json\/wp\/v2\/pages\/831\/revisions\/836"}],"wp:attachment":[{"href":"https:\/\/svabarcelona.com\/es\/wp-json\/wp\/v2\/media?parent=831"}],"curies":[{"name":"wp","href":"https:\/\/api.w.org\/{rel}","templated":true}]}}