{"id":670,"date":"2019-01-15T18:04:53","date_gmt":"2019-01-15T16:04:53","guid":{"rendered":"http:\/\/svabarcelona.com\/valores\/"},"modified":"2019-04-16T13:40:26","modified_gmt":"2019-04-16T11:40:26","slug":"valores","status":"publish","type":"page","link":"https:\/\/svabarcelona.com\/es\/valores\/","title":{"rendered":"Valores"},"content":{"rendered":"\r\n<p><strong>SVAbarcelona<\/strong> apuesta decididamente por aportar valor tanto a las compa\u00f1\u00edas con las que colabora como a los profesionales con los que trabaja. Estamos convencidos que solamente la suma de un valor diferencial evidente, permite crecer rec\u00edprocamente junto a sus Partners y progresar junto a ellos.<\/p>\r\n\r\n\r\n\r\n<p><strong>SVAbarcelona<\/strong> vela por ofrecer un buen ambiente de trabajo a sus profesionales, riqueza en la casu\u00edstica de su d\u00eda a d\u00eda, buenos medios materiales y equipamiento, y accesibilidad directa a los stakeholders. Consiguiendo una relaci\u00f3n personalizada y comunicaci\u00f3n bidireccional con los profesionales, se ofrece buena calidad de servicio a las instituciones con las que colabora.<\/p>\r\n\r\n\r\n\r\n<p><strong>SVAbarcelona<\/strong> trabaja con un control exhaustivo y eficiente de sus costes para poder ofrecer precios competitivos y la mejor retribuci\u00f3n de mercado a sus profesionales.<\/p>\r\n\r\n\r\n\r\n<p>&nbsp;<\/p>\r\n","protected":false},"excerpt":{"rendered":"<p>SVAbarcelona apuesta decididamente por aportar valor tanto a las compa\u00f1\u00edas con las que colabora como a los profesionales con los que trabaja. Estamos convencidos que solamente la suma de un valor diferencial evidente, permite crecer rec\u00edprocamente junto a sus Partners y progresar junto a ellos. SVAbarcelona vela por ofrecer un buen ambiente de trabajo a &hellip; <a href=\"https:\/\/svabarcelona.com\/es\/valores\/\" class=\"more-link\">Seguir leyendo <span class=\"screen-reader-text\">Valores<\/span> <span class=\"meta-nav\">&rarr;<\/span><\/a><\/p>\n","protected":false},"author":1,"featured_media":0,"parent":0,"menu_order":0,"comment_status":"closed","ping_status":"closed","template":"page-valors.php","meta":{"_acf_changed":false,"footnotes":""},"acf":[],"_links":{"self":[{"href":"https:\/\/svabarcelona.com\/es\/wp-json\/wp\/v2\/pages\/670"}],"collection":[{"href":"https:\/\/svabarcelona.com\/es\/wp-json\/wp\/v2\/pages"}],"about":[{"href":"https:\/\/svabarcelona.com\/es\/wp-json\/wp\/v2\/types\/page"}],"author":[{"embeddable":true,"href":"https:\/\/svabarcelona.com\/es\/wp-json\/wp\/v2\/users\/1"}],"replies":[{"embeddable":true,"href":"https:\/\/svabarcelona.com\/es\/wp-json\/wp\/v2\/comments?post=670"}],"version-history":[{"count":2,"href":"https:\/\/svabarcelona.com\/es\/wp-json\/wp\/v2\/pages\/670\/revisions"}],"predecessor-version":[{"id":673,"href":"https:\/\/svabarcelona.com\/es\/wp-json\/wp\/v2\/pages\/670\/revisions\/673"}],"wp:attachment":[{"href":"https:\/\/svabarcelona.com\/es\/wp-json\/wp\/v2\/media?parent=670"}],"curies":[{"name":"wp","href":"https:\/\/api.w.org\/{rel}","templated":true}]}}