{"id":663,"date":"2019-02-05T16:49:45","date_gmt":"2019-02-05T14:49:45","guid":{"rendered":"http:\/\/svabarcelona.com\/aviso-legal\/"},"modified":"2022-07-08T11:44:21","modified_gmt":"2022-07-08T09:44:21","slug":"aviso-legal","status":"publish","type":"page","link":"https:\/\/svabarcelona.com\/es\/aviso-legal\/","title":{"rendered":"Aviso Legal"},"content":{"rendered":"<p><strong>AV\u00cdS LEGAL WEB <\/strong><\/p>\n<p>BARCELONA GESTI\u00d3 I SERVEIS DE SUPORT VITAL AVAN\u00c7AT, S.L. compleix amb els requisits establerts en la normativa actual sobre Protecci\u00f3 de Dades de Car\u00e0cter Personal i Comer\u00e7 Electr nic. A tal fi, ha creat el seg\u00fcent Av\u00eds Legal:\u00a0<strong>\u00a0<\/strong><br \/>\n&nbsp;<br \/>\n<strong>Informaci\u00f3: <\/strong><\/p>\n<div class=\"m_-3677907345755465938s108\"><span class=\"m_-3677907345755465938s71\">\u25aa\u00a0<\/span>Denominaci\u00f3 social: BARCELONA GESTI\u00d3 I SERVEIS DE SUPORT VITAL AVAN\u00c7AT, S.L.<\/div>\n<div class=\"m_-3677907345755465938s108\"><span class=\"m_-3677907345755465938s71\">\u25aa\u00a0<\/span>NIF: B-65802183<\/div>\n<div class=\"m_-3677907345755465938s108\"><span class=\"m_-3677907345755465938s71\">\u25aa <\/span>Dades d\u2019inscripci\u00f3: registre mercantil de barcelona, notaria Rubies tarragona, protocolo numero 3192<\/div>\n<div class=\"m_-3677907345755465938s108\"><span class=\"m_-3677907345755465938s71\">\u25aa <\/span>Nom de domini: <a href=\"http:\/\/www.svabarcelona.com\">www.svabarcelona.com<\/a><\/div>\n<p>&nbsp;<br \/>\n<strong>Dades de contacte: <\/strong><\/p>\n<p>Direcci\u00f3: Atzavara 6 A 08480 L\u00b4Ametlla del Vall\u00e8s.<br \/>\nTel.: +34 608779030<br \/>\nE-mail: <a href=\"mailto:emontero@svabarcelona.com\">emontero@svabarcelona.com<\/a><br \/>\n&nbsp;<br \/>\n<strong>Dades de col\u00b7legiaci\u00f3:\u00a0 <\/strong><\/p>\n<p>Els professionals estan col\u00b7legiats els Col\u00b7legi de Metges de Barcelona<br \/>\n&nbsp;<br \/>\n<strong>Condicions generals d\u2019\u00fas: <\/strong><\/p>\n<p>Tota persona que accedeixi a aquest lloc Web assumeix el paper d\u2019Usuari, comprometent-se a l\u2019observan\u00e7a i compliment rigor\u00f3s de les disposicions aqu\u00ed disposades, aix\u00ed com a qualsevol altre disposici\u00f3 legal que fos aplicable.<\/p>\n<p>BARCELONA GESTI\u00d3 I SERVEIS DE SUPORT VITAL AVAN\u00c7AT, S.L. es reserva el dret a modificar qualsevol tipus d\u2019informaci\u00f3 que pogu\u00e9s apar\u00e8ixer en el lloc Web, sense que existeixi obligaci\u00f3 de preavisar o posar en coneixement dels Usuaris aquestes obligacions, entenent-se com a suficient amb la publicaci\u00f3 en el seu lloc Web.<\/p>\n<p>L\u2019usuari accepta plenament i sense reserves les disposicions incloses en aquest Av\u00eds Legal, en la versi\u00f3 publicada per BARCELONA GESTI\u00d3 I SERVEIS DE SUPORT VITAL AVAN\u00c7AT, S.L. en el moment mateix que l\u2019Usuari accedeixi al lloc Web.<\/p>\n<p>El lloc Web pot ser visitat lliurement i l\u2019Usuari es compromet a utilitzar els seus continguts i serveis de conformitat amb la Llei, la moral, els bons costums i el present Av\u00eds legal. A aquest efecte, l\u2019Usuari s\u2019abstindr\u00e0 d\u2019utilitzar el lloc Web amb finalitats o efectes il\u00b7l\u00edcits, prohibits i lesius dels drets i interessos de tercers.<\/p>\n<p>BARCELONA GESTI\u00d3 I SERVEIS DE SUPORT VITAL AVAN\u00c7AT, S.L. no es responsabilitza dels errors o omissions, dels continguts del lloc Web ni d\u2019altres continguts als que pugui accedir a trav\u00e9s d\u2019aquest, ni dels danys derivats de la utilitzaci\u00f3 del lloc Web, ni per qualsevol actuaci\u00f3 realitzada sobre la base de la informaci\u00f3 que en ella es facilita.<\/p>\n<p>BARCELONA GESTI\u00d3 I SERVEIS DE SUPORT VITAL AVAN\u00c7AT, S.L. ni garanteix l\u2019abs\u00e8ncia de virus o altres elements lesius, que poguessin causar danys o alteracions en el sistema inform\u00e0tic, en els documents electr nics o en els fitxers de l\u2019usuari del lloc Web; ni respon dels danys i perjudicis que tals elements poguessin ocasionar a l\u2019Usuari o tercers.<\/p>\n<p>El lloc Web t\u00e9 car\u00e0cter informatiu, per la qual cosa el seu contingut podr\u00e0 ser modificat, ampliat o suprimit en qualsevol moment, sense previ av\u00eds.<\/p>\n<p>BARCELONA GESTI\u00d3 I SERVEIS DE SUPORT VITAL AVAN\u00c7AT, S.L. es reserva el dret d\u2019actualitzar els continguts del lloc Web i\/o d\u2019eliminar-los, aix\u00ed com de limitar i impedir l\u2019acc\u00e9s a aquests, ja sigui temporal o definitivament, sense pr\u00e8via notificaci\u00f3.<br \/>\n&nbsp;<br \/>\n<strong>Drets de propietat intel\u00b7lectual i industrial: <\/strong><\/p>\n<p>Tots els drets de propietat intel\u00b7lectual i\/o industrial del lloc Web i de tots els seus continguts (texts, imatges, dissenys, creativitats, software, codi font, fragment d\u2019\u00e0udio, programes inform\u00e0tics, desc\u00e0rregues digitals, bases de dades, noms comercials, marques, logotips, i\/o qualsevol altre distintiu, etc.) que formin o hagin format part del mateix en algun moment, estan protegits per la Llei i pertanyen a BARCELONA GESTI\u00d3 I SERVEIS DE SUPORT VITAL AVAN\u00c7AT, S.L. .<\/p>\n<p>En cap cas s\u2019entendr\u00e0 que l\u2019acc\u00e9s i \u00fas del lloc Web implica la ren\u00fancia, transmissi\u00f3, llic\u00e8ncia, cessi\u00f3, total ni parcial, ni autoritzaci\u00f3 de cap classe, per a l\u2019explotaci\u00f3, reproducci\u00f3, comunicaci\u00f3 p\u00fablica, difusi\u00f3 i\/o transformaci\u00f3 ni del lloc Web, ni dels seus continguts, entesos amb l\u2019amplitud assenyalada en el punt anterior, ni tampoc dels drets de propietat intel\u00b7lectual i\/o industrial inherents a aquest.<br \/>\n&nbsp;<br \/>\n<strong>Enlla\u00e7os: <\/strong><\/p>\n<p>L\u2019empresa no assumeix cap responsabilitat sobre el contingut, informaci\u00f3 o serveis que puguin oferir els enlla\u00e7os que es presenten en el nostre lloc Web, i que tenen car\u00e0cter merament informatiu.<br \/>\n&nbsp;<br \/>\n<strong>Legislaci\u00f3 aplicable: <\/strong><\/p>\n<p>La present Web es regeix per la legislaci\u00f3 espanyola.<\/p>\n","protected":false},"excerpt":{"rendered":"<p>AV\u00cdS LEGAL WEB BARCELONA GESTI\u00d3 I SERVEIS DE SUPORT VITAL AVAN\u00c7AT, S.L. compleix amb els requisits establerts en la normativa actual sobre Protecci\u00f3 de Dades de Car\u00e0cter Personal i Comer\u00e7 Electr nic. A tal fi, ha creat el seg\u00fcent Av\u00eds Legal:\u00a0\u00a0 &nbsp; Informaci\u00f3: \u25aa\u00a0Denominaci\u00f3 social: BARCELONA GESTI\u00d3 I SERVEIS DE SUPORT VITAL AVAN\u00c7AT, S.L. \u25aa\u00a0NIF: &hellip; <a href=\"https:\/\/svabarcelona.com\/es\/aviso-legal\/\" class=\"more-link\">Seguir leyendo <span class=\"screen-reader-text\">Aviso Legal<\/span> <span class=\"meta-nav\">&rarr;<\/span><\/a><\/p>\n","protected":false},"author":1,"featured_media":0,"parent":0,"menu_order":0,"comment_status":"closed","ping_status":"closed","template":"","meta":{"_acf_changed":false,"footnotes":""},"acf":[],"_links":{"self":[{"href":"https:\/\/svabarcelona.com\/es\/wp-json\/wp\/v2\/pages\/663"}],"collection":[{"href":"https:\/\/svabarcelona.com\/es\/wp-json\/wp\/v2\/pages"}],"about":[{"href":"https:\/\/svabarcelona.com\/es\/wp-json\/wp\/v2\/types\/page"}],"author":[{"embeddable":true,"href":"https:\/\/svabarcelona.com\/es\/wp-json\/wp\/v2\/users\/1"}],"replies":[{"embeddable":true,"href":"https:\/\/svabarcelona.com\/es\/wp-json\/wp\/v2\/comments?post=663"}],"version-history":[{"count":4,"href":"https:\/\/svabarcelona.com\/es\/wp-json\/wp\/v2\/pages\/663\/revisions"}],"predecessor-version":[{"id":837,"href":"https:\/\/svabarcelona.com\/es\/wp-json\/wp\/v2\/pages\/663\/revisions\/837"}],"wp:attachment":[{"href":"https:\/\/svabarcelona.com\/es\/wp-json\/wp\/v2\/media?parent=663"}],"curies":[{"name":"wp","href":"https:\/\/api.w.org\/{rel}","templated":true}]}}