{"id":647,"date":"2019-01-15T12:24:11","date_gmt":"2019-01-15T10:24:11","guid":{"rendered":"http:\/\/svabarcelona.com\/servicios\/vuelos-sanitarios-traslados-sanitarios-y-repatriaciones-en-avion\/"},"modified":"2019-04-16T13:40:31","modified_gmt":"2019-04-16T11:40:31","slug":"vuelos-sanitarios-traslados-sanitarios-y-repatriaciones-en-avion","status":"publish","type":"page","link":"https:\/\/svabarcelona.com\/es\/servicios\/vuelos-sanitarios-traslados-sanitarios-y-repatriaciones-en-avion\/","title":{"rendered":"Servicios en avi\u00f3n ambulancia"},"content":{"rendered":"\r\n<p>Especialistas en evacuaciones sanitarias en toda Europa y norte de \u00c1frica. Trasladamos en condiciones de vigilancia de UCI y manejo especializado del enfermo a aquella persona que por\u00a0urgencia o tipo de patolog\u00eda requiere de un traslado en avi\u00f3n ambulancia de hospital a hospital.<br \/><br \/>Desde 2012, medicalizamos la flota de aviones ambulancia de AirAmbulanceJet, compa\u00f1\u00eda decana en Espa\u00f1a con m\u00e1s de 25 a\u00f1os de experiencia en el transporte a\u00e9reo de enfermos.<br \/>Las principales aseguradoras de viaje de toda Europa nos conf\u00edan a sus asegurados que enferman o se accidentan y deben ser repatriados.<\/p>\r\n<p><img loading=\"lazy\" decoding=\"async\" class=\"alignnone size-full wp-image-331\" src=\"http:\/\/svabarcelona.com\/wp-content\/uploads\/2019\/02\/operado.jpg\" alt=\"\" width=\"201\" height=\"87\" \/><\/p>\r\n","protected":false},"excerpt":{"rendered":"<p>Especialistas en evacuaciones sanitarias en toda Europa y norte de \u00c1frica. Trasladamos en condiciones de vigilancia de UCI y manejo especializado del enfermo a aquella persona que por\u00a0urgencia o tipo de patolog\u00eda requiere de un traslado en avi\u00f3n ambulancia de hospital a hospital. Desde 2012, medicalizamos la flota de aviones ambulancia de AirAmbulanceJet, compa\u00f1\u00eda decana &hellip; <a href=\"https:\/\/svabarcelona.com\/es\/servicios\/vuelos-sanitarios-traslados-sanitarios-y-repatriaciones-en-avion\/\" class=\"more-link\">Seguir leyendo <span class=\"screen-reader-text\">Servicios en avi\u00f3n ambulancia<\/span> <span class=\"meta-nav\">&rarr;<\/span><\/a><\/p>\n","protected":false},"author":1,"featured_media":0,"parent":641,"menu_order":0,"comment_status":"closed","ping_status":"closed","template":"page-serveisdins.php","meta":{"_acf_changed":false,"footnotes":""},"acf":[],"_links":{"self":[{"href":"https:\/\/svabarcelona.com\/es\/wp-json\/wp\/v2\/pages\/647"}],"collection":[{"href":"https:\/\/svabarcelona.com\/es\/wp-json\/wp\/v2\/pages"}],"about":[{"href":"https:\/\/svabarcelona.com\/es\/wp-json\/wp\/v2\/types\/page"}],"author":[{"embeddable":true,"href":"https:\/\/svabarcelona.com\/es\/wp-json\/wp\/v2\/users\/1"}],"replies":[{"embeddable":true,"href":"https:\/\/svabarcelona.com\/es\/wp-json\/wp\/v2\/comments?post=647"}],"version-history":[{"count":1,"href":"https:\/\/svabarcelona.com\/es\/wp-json\/wp\/v2\/pages\/647\/revisions"}],"predecessor-version":[{"id":655,"href":"https:\/\/svabarcelona.com\/es\/wp-json\/wp\/v2\/pages\/647\/revisions\/655"}],"up":[{"embeddable":true,"href":"https:\/\/svabarcelona.com\/es\/wp-json\/wp\/v2\/pages\/641"}],"wp:attachment":[{"href":"https:\/\/svabarcelona.com\/es\/wp-json\/wp\/v2\/media?parent=647"}],"curies":[{"name":"wp","href":"https:\/\/api.w.org\/{rel}","templated":true}]}}