{"id":645,"date":"2019-01-15T11:54:48","date_gmt":"2019-01-15T09:54:48","guid":{"rendered":"http:\/\/svabarcelona.com\/servicios\/servicios-de-atencion-urgente-y-emergente-pre-hospitalario\/"},"modified":"2019-04-16T13:40:36","modified_gmt":"2019-04-16T11:40:36","slug":"servicios-de-atencion-urgente-y-emergente-pre-hospitalario","status":"publish","type":"page","link":"https:\/\/svabarcelona.com\/es\/servicios\/servicios-de-atencion-urgente-y-emergente-pre-hospitalario\/","title":{"rendered":"Servicios de urgencias hospitalarios"},"content":{"rendered":"\r\n<p>SVABARCELONA cuenta con una amplia experiencia en la gesti\u00f3n de profesionales de servicios de urgencias hospitalarios en toda Catalunya.<\/p>\r\n\r\n\r\n\r\n<p>Con una trayectoria que se inici\u00f3 en 2012 con el acuerdo de gesti\u00f3n de urgencias con Cl\u00ednica Tres Torres de Barcelona, SVABARCELONA gestiona equipos humanos que han atendido servicios de\u00a0urgencia de hospitales tanto p\u00fablicos como privados en las cuatro provincias catalanas (Barcelona, Lleida, Girona y Tarragona).<\/p>\r\n","protected":false},"excerpt":{"rendered":"<p>SVABARCELONA cuenta con una amplia experiencia en la gesti\u00f3n de profesionales de servicios de urgencias hospitalarios en toda Catalunya. Con una trayectoria que se inici\u00f3 en 2012 con el acuerdo de gesti\u00f3n de urgencias con Cl\u00ednica Tres Torres de Barcelona, SVABARCELONA gestiona equipos humanos que han atendido servicios de\u00a0urgencia de hospitales tanto p\u00fablicos como privados &hellip; <a href=\"https:\/\/svabarcelona.com\/es\/servicios\/servicios-de-atencion-urgente-y-emergente-pre-hospitalario\/\" class=\"more-link\">Seguir leyendo <span class=\"screen-reader-text\">Servicios de urgencias hospitalarios<\/span> <span class=\"meta-nav\">&rarr;<\/span><\/a><\/p>\n","protected":false},"author":1,"featured_media":0,"parent":641,"menu_order":0,"comment_status":"closed","ping_status":"closed","template":"page-serveisdins.php","meta":{"_acf_changed":false,"footnotes":""},"acf":[],"_links":{"self":[{"href":"https:\/\/svabarcelona.com\/es\/wp-json\/wp\/v2\/pages\/645"}],"collection":[{"href":"https:\/\/svabarcelona.com\/es\/wp-json\/wp\/v2\/pages"}],"about":[{"href":"https:\/\/svabarcelona.com\/es\/wp-json\/wp\/v2\/types\/page"}],"author":[{"embeddable":true,"href":"https:\/\/svabarcelona.com\/es\/wp-json\/wp\/v2\/users\/1"}],"replies":[{"embeddable":true,"href":"https:\/\/svabarcelona.com\/es\/wp-json\/wp\/v2\/comments?post=645"}],"version-history":[{"count":1,"href":"https:\/\/svabarcelona.com\/es\/wp-json\/wp\/v2\/pages\/645\/revisions"}],"predecessor-version":[{"id":653,"href":"https:\/\/svabarcelona.com\/es\/wp-json\/wp\/v2\/pages\/645\/revisions\/653"}],"up":[{"embeddable":true,"href":"https:\/\/svabarcelona.com\/es\/wp-json\/wp\/v2\/pages\/641"}],"wp:attachment":[{"href":"https:\/\/svabarcelona.com\/es\/wp-json\/wp\/v2\/media?parent=645"}],"curies":[{"name":"wp","href":"https:\/\/api.w.org\/{rel}","templated":true}]}}