{"id":644,"date":"2019-01-16T10:34:07","date_gmt":"2019-01-16T08:34:07","guid":{"rendered":"http:\/\/svabarcelona.com\/servicios\/servicios-de-atencion-urgente-y-emergente-en-uci-movil\/"},"modified":"2019-04-16T13:40:38","modified_gmt":"2019-04-16T11:40:38","slug":"servicios-de-atencion-urgente-y-emergente-en-uci-movil","status":"publish","type":"page","link":"https:\/\/svabarcelona.com\/es\/servicios\/servicios-de-atencion-urgente-y-emergente-en-uci-movil\/","title":{"rendered":"Servicios de atenci\u00f3n urgente y emergente en UCI M\u00f3vil:"},"content":{"rendered":"\r\n<p>Atendemos 365 d\u00edas al a\u00f1o la atenci\u00f3n urgente y emergente al paciente que requiere servicios de UCI m\u00f3vil a domicilio en Barcelona capital y toda su \u00e1rea metropolitana.<\/p>\r\n\r\n\r\n\r\n<p>Con un modelo dise\u00f1ado de atenci\u00f3n m\u00e9dica intervencionista en los primeros instantes de ocurrencia de la enfermedad, se cuenta con profesionales (m\u00e9dicos y enfermeros), equipamiento y\u00a0veh\u00edculos de soporte vital avanzado que permiten la estabilizaci\u00f3n del enfermo en domicilio y un traslado posterior al servicio de urgencias del hospital de destino con mayores perspectivas\u00a0de supervivencia.<\/p>\r\n","protected":false},"excerpt":{"rendered":"<p>Atendemos 365 d\u00edas al a\u00f1o la atenci\u00f3n urgente y emergente al paciente que requiere servicios de UCI m\u00f3vil a domicilio en Barcelona capital y toda su \u00e1rea metropolitana. Con un modelo dise\u00f1ado de atenci\u00f3n m\u00e9dica intervencionista en los primeros instantes de ocurrencia de la enfermedad, se cuenta con profesionales (m\u00e9dicos y enfermeros), equipamiento y\u00a0veh\u00edculos de &hellip; <a href=\"https:\/\/svabarcelona.com\/es\/servicios\/servicios-de-atencion-urgente-y-emergente-en-uci-movil\/\" class=\"more-link\">Seguir leyendo <span class=\"screen-reader-text\">Servicios de atenci\u00f3n urgente y emergente en UCI M\u00f3vil:<\/span> <span class=\"meta-nav\">&rarr;<\/span><\/a><\/p>\n","protected":false},"author":1,"featured_media":0,"parent":641,"menu_order":0,"comment_status":"closed","ping_status":"closed","template":"page-serveisdins.php","meta":{"_acf_changed":false,"footnotes":""},"acf":[],"_links":{"self":[{"href":"https:\/\/svabarcelona.com\/es\/wp-json\/wp\/v2\/pages\/644"}],"collection":[{"href":"https:\/\/svabarcelona.com\/es\/wp-json\/wp\/v2\/pages"}],"about":[{"href":"https:\/\/svabarcelona.com\/es\/wp-json\/wp\/v2\/types\/page"}],"author":[{"embeddable":true,"href":"https:\/\/svabarcelona.com\/es\/wp-json\/wp\/v2\/users\/1"}],"replies":[{"embeddable":true,"href":"https:\/\/svabarcelona.com\/es\/wp-json\/wp\/v2\/comments?post=644"}],"version-history":[{"count":1,"href":"https:\/\/svabarcelona.com\/es\/wp-json\/wp\/v2\/pages\/644\/revisions"}],"predecessor-version":[{"id":651,"href":"https:\/\/svabarcelona.com\/es\/wp-json\/wp\/v2\/pages\/644\/revisions\/651"}],"up":[{"embeddable":true,"href":"https:\/\/svabarcelona.com\/es\/wp-json\/wp\/v2\/pages\/641"}],"wp:attachment":[{"href":"https:\/\/svabarcelona.com\/es\/wp-json\/wp\/v2\/media?parent=644"}],"curies":[{"name":"wp","href":"https:\/\/api.w.org\/{rel}","templated":true}]}}