{"id":643,"date":"2019-01-15T12:25:00","date_gmt":"2019-01-15T10:25:00","guid":{"rendered":"http:\/\/svabarcelona.com\/servicios\/comite-de-seguridad-clinica-y-auditoria-asistencial\/"},"modified":"2019-04-16T13:40:40","modified_gmt":"2019-04-16T11:40:40","slug":"comite-de-seguridad-clinica-y-auditoria-asistencial","status":"publish","type":"page","link":"https:\/\/svabarcelona.com\/es\/servicios\/comite-de-seguridad-clinica-y-auditoria-asistencial\/","title":{"rendered":"Comit\u00e9 de Seguridad Cl\u00ednica y Auditor\u00eda Asistencial"},"content":{"rendered":"\r\n<p>SVABARCELONA apuesta desde sus or\u00edgenes por garantizar el mejor servicio m\u00e9dico con profesionales con experiencia y equipos y para ello realiza auditor\u00edas asistenciales de la actividad\u00a0realizada de forma permanente, as\u00ed como cuenta con un comit\u00e9 de seguridad cl\u00ednica propio que permite atender reclamaciones, felicitaciones, sugerencias, y tambi\u00e9n analizar aquellos\u00a0desenlaces no previsibles que suceden en el transcurso de nuestro trabajo.<\/p>\r\n\r\n\r\n\r\n<p>Todo ello supone un an\u00e1lisis y auditor\u00eda en real, y garantiza el cumplimiento de los protocolos asistenciales necesarios para cada patolog\u00eda atendida, as\u00ed como visualizar necesidades de\u00a0 nuevo material, medicaci\u00f3n o equipos para conseguir una mejora continua de la calidad prestada en nuestros servicios.<\/p>\r\n","protected":false},"excerpt":{"rendered":"<p>SVABARCELONA apuesta desde sus or\u00edgenes por garantizar el mejor servicio m\u00e9dico con profesionales con experiencia y equipos y para ello realiza auditor\u00edas asistenciales de la actividad\u00a0realizada de forma permanente, as\u00ed como cuenta con un comit\u00e9 de seguridad cl\u00ednica propio que permite atender reclamaciones, felicitaciones, sugerencias, y tambi\u00e9n analizar aquellos\u00a0desenlaces no previsibles que suceden en el &hellip; <a href=\"https:\/\/svabarcelona.com\/es\/servicios\/comite-de-seguridad-clinica-y-auditoria-asistencial\/\" class=\"more-link\">Seguir leyendo <span class=\"screen-reader-text\">Comit\u00e9 de Seguridad Cl\u00ednica y Auditor\u00eda Asistencial<\/span> <span class=\"meta-nav\">&rarr;<\/span><\/a><\/p>\n","protected":false},"author":1,"featured_media":0,"parent":641,"menu_order":0,"comment_status":"closed","ping_status":"closed","template":"page-serveisdins.php","meta":{"_acf_changed":false,"footnotes":""},"acf":[],"_links":{"self":[{"href":"https:\/\/svabarcelona.com\/es\/wp-json\/wp\/v2\/pages\/643"}],"collection":[{"href":"https:\/\/svabarcelona.com\/es\/wp-json\/wp\/v2\/pages"}],"about":[{"href":"https:\/\/svabarcelona.com\/es\/wp-json\/wp\/v2\/types\/page"}],"author":[{"embeddable":true,"href":"https:\/\/svabarcelona.com\/es\/wp-json\/wp\/v2\/users\/1"}],"replies":[{"embeddable":true,"href":"https:\/\/svabarcelona.com\/es\/wp-json\/wp\/v2\/comments?post=643"}],"version-history":[{"count":1,"href":"https:\/\/svabarcelona.com\/es\/wp-json\/wp\/v2\/pages\/643\/revisions"}],"predecessor-version":[{"id":650,"href":"https:\/\/svabarcelona.com\/es\/wp-json\/wp\/v2\/pages\/643\/revisions\/650"}],"up":[{"embeddable":true,"href":"https:\/\/svabarcelona.com\/es\/wp-json\/wp\/v2\/pages\/641"}],"wp:attachment":[{"href":"https:\/\/svabarcelona.com\/es\/wp-json\/wp\/v2\/media?parent=643"}],"curies":[{"name":"wp","href":"https:\/\/api.w.org\/{rel}","templated":true}]}}