{"id":91,"date":"2019-01-15T12:24:11","date_gmt":"2019-01-15T10:24:11","guid":{"rendered":"http:\/\/svabarcelona.com\/nova\/?page_id=91"},"modified":"2019-04-16T16:41:04","modified_gmt":"2019-04-16T14:41:04","slug":"serveis-en-avio-ambulancia","status":"publish","type":"page","link":"https:\/\/svabarcelona.com\/ca\/serveis\/serveis-en-avio-ambulancia\/","title":{"rendered":"SERVEIS EN AVI\u00d3 AMBUL\u00c0NCIA"},"content":{"rendered":"\r\n<p>Especialistes en evacuacions sanit\u00e0ries a tot Europa i nord d&#8217;\u00c0frica. Traslladem en condicions de vigil\u00e0ncia d&#8217;UCI i maneig especialitzat del malalt a aquella persona que per urg\u00e8ncia o tipus de patologia requereix d&#8217;un trasllat en avi\u00f3 ambul\u00e0ncia d&#8217;hospital a hospital.\u00a0<\/p>\r\n<p>Des de 2012, medicalitzem la flota d&#8217;avions ambul\u00e0ncia de AirAmbulanceJet, companyia degana a Espanya amb m\u00e9s de 25 anys d&#8217;experi\u00e8ncia en el transport aeri de malalts.Les principals asseguradores de viatge de tot Europa ens confien als seus assegurats que posen malalts o s&#8217;accidenten i han de ser repatriats.<\/p>\r\n<p><img loading=\"lazy\" decoding=\"async\" class=\"alignnone size-full wp-image-331\" src=\"http:\/\/svabarcelona.com\/wp-content\/uploads\/2019\/02\/operado.jpg\" alt=\"\" width=\"201\" height=\"87\" \/><\/p>\r\n","protected":false},"excerpt":{"rendered":"<p>Especialistes en evacuacions sanit\u00e0ries a tot Europa i nord d&#8217;\u00c0frica. Traslladem en condicions de vigil\u00e0ncia d&#8217;UCI i maneig especialitzat del malalt a aquella persona que per urg\u00e8ncia o tipus de patologia requereix d&#8217;un trasllat en avi\u00f3 ambul\u00e0ncia d&#8217;hospital a hospital.\u00a0 Des de 2012, medicalitzem la flota d&#8217;avions ambul\u00e0ncia de AirAmbulanceJet, companyia degana a Espanya amb &hellip; <a href=\"https:\/\/svabarcelona.com\/ca\/serveis\/serveis-en-avio-ambulancia\/\" class=\"more-link\">Continua la lectura de <span class=\"screen-reader-text\">SERVEIS EN AVI\u00d3 AMBUL\u00c0NCIA<\/span> <span class=\"meta-nav\">&rarr;<\/span><\/a><\/p>\n","protected":false},"author":1,"featured_media":0,"parent":65,"menu_order":0,"comment_status":"closed","ping_status":"closed","template":"page-serveisdins.php","meta":{"_acf_changed":false,"footnotes":""},"acf":[],"_links":{"self":[{"href":"https:\/\/svabarcelona.com\/ca\/wp-json\/wp\/v2\/pages\/91"}],"collection":[{"href":"https:\/\/svabarcelona.com\/ca\/wp-json\/wp\/v2\/pages"}],"about":[{"href":"https:\/\/svabarcelona.com\/ca\/wp-json\/wp\/v2\/types\/page"}],"author":[{"embeddable":true,"href":"https:\/\/svabarcelona.com\/ca\/wp-json\/wp\/v2\/users\/1"}],"replies":[{"embeddable":true,"href":"https:\/\/svabarcelona.com\/ca\/wp-json\/wp\/v2\/comments?post=91"}],"version-history":[{"count":27,"href":"https:\/\/svabarcelona.com\/ca\/wp-json\/wp\/v2\/pages\/91\/revisions"}],"predecessor-version":[{"id":720,"href":"https:\/\/svabarcelona.com\/ca\/wp-json\/wp\/v2\/pages\/91\/revisions\/720"}],"up":[{"embeddable":true,"href":"https:\/\/svabarcelona.com\/ca\/wp-json\/wp\/v2\/pages\/65"}],"wp:attachment":[{"href":"https:\/\/svabarcelona.com\/ca\/wp-json\/wp\/v2\/media?parent=91"}],"curies":[{"name":"wp","href":"https:\/\/api.w.org\/{rel}","templated":true}]}}