{"id":65,"date":"2019-01-15T10:33:03","date_gmt":"2019-01-15T08:33:03","guid":{"rendered":"http:\/\/svabarcelona.com\/nova\/?page_id=65"},"modified":"2019-04-16T16:30:18","modified_gmt":"2019-04-16T14:30:18","slug":"serveis","status":"publish","type":"page","link":"https:\/\/svabarcelona.com\/ca\/serveis\/","title":{"rendered":"Serveis"},"content":{"rendered":"\r\n<div dir=\"ltr\"><strong>SVAbarcelona<\/strong> ofereix serveis m\u00e8dics especialitzats en l&#8217;\u00e0mbitextrahospitalari des de 2011 operant unitats de transport sanitari per terra i aire per a companyies de primer ordre amb qu\u00e8 s&#8217;han creat aliances estrat\u00e8giques molt s\u00f2lides.Fruit d&#8217;aquesta especialitzaci\u00f3 i al fet de poder comptar amb un grup de professionals polivalents, amb molta actitud i molt experimentats, es va poder ampliar aquest \u00e0mbit a l&#8217;activitat d&#8217;urg\u00e8ncies hospital\u00e0ries en 2012, convivint i creixent totes aquestes l\u00ednies de treball fins a l&#8217;actualitat.<\/div>\r\n","protected":false},"excerpt":{"rendered":"<p>SVAbarcelona ofereix serveis m\u00e8dics especialitzats en l&#8217;\u00e0mbitextrahospitalari des de 2011 operant unitats de transport sanitari per terra i aire per a companyies de primer ordre amb qu\u00e8 s&#8217;han creat aliances estrat\u00e8giques molt s\u00f2lides.Fruit d&#8217;aquesta especialitzaci\u00f3 i al fet de poder comptar amb un grup de professionals polivalents, amb molta actitud i molt experimentats, es va &hellip; <a href=\"https:\/\/svabarcelona.com\/ca\/serveis\/\" class=\"more-link\">Continua la lectura de <span class=\"screen-reader-text\">Serveis<\/span> <span class=\"meta-nav\">&rarr;<\/span><\/a><\/p>\n","protected":false},"author":1,"featured_media":0,"parent":0,"menu_order":0,"comment_status":"closed","ping_status":"closed","template":"page-serveis.php","meta":{"_acf_changed":false,"footnotes":""},"acf":[],"_links":{"self":[{"href":"https:\/\/svabarcelona.com\/ca\/wp-json\/wp\/v2\/pages\/65"}],"collection":[{"href":"https:\/\/svabarcelona.com\/ca\/wp-json\/wp\/v2\/pages"}],"about":[{"href":"https:\/\/svabarcelona.com\/ca\/wp-json\/wp\/v2\/types\/page"}],"author":[{"embeddable":true,"href":"https:\/\/svabarcelona.com\/ca\/wp-json\/wp\/v2\/users\/1"}],"replies":[{"embeddable":true,"href":"https:\/\/svabarcelona.com\/ca\/wp-json\/wp\/v2\/comments?post=65"}],"version-history":[{"count":12,"href":"https:\/\/svabarcelona.com\/ca\/wp-json\/wp\/v2\/pages\/65\/revisions"}],"predecessor-version":[{"id":713,"href":"https:\/\/svabarcelona.com\/ca\/wp-json\/wp\/v2\/pages\/65\/revisions\/713"}],"wp:attachment":[{"href":"https:\/\/svabarcelona.com\/ca\/wp-json\/wp\/v2\/media?parent=65"}],"curies":[{"name":"wp","href":"https:\/\/api.w.org\/{rel}","templated":true}]}}