{"id":279,"date":"2019-01-21T13:15:37","date_gmt":"2019-01-21T11:15:37","guid":{"rendered":"http:\/\/svabarcelona.com\/nova\/?page_id=279"},"modified":"2019-04-16T15:46:31","modified_gmt":"2019-04-16T13:46:31","slug":"la-nostra-proposta-de-valor","status":"publish","type":"page","link":"https:\/\/svabarcelona.com\/ca\/la-nostra-proposta-de-valor\/","title":{"rendered":"LA NOSTRA PROPOSTA DE VALOR"},"content":{"rendered":"<p>Conjugar la visi\u00f3 del client, el finan\u00e7ador i el professional assistencial \u00e9s una tasca dif\u00edcil que ens ocupa i ens preocupa des dels nostres inicis. L&#8217;aposta per la qualitat del servei al pacient, vetllar per l&#8217;efici\u00e8ncia en els costos per oferir tarifes competitives i treballar pel desenvolupament professional dels nostres empleats i col\u00b7laboradors, s\u00f3n els eixos del nostre servei per seguir creixent exercici rere exercici.<\/p>\n","protected":false},"excerpt":{"rendered":"<p>Conjugar la visi\u00f3 del client, el finan\u00e7ador i el professional assistencial \u00e9s una tasca dif\u00edcil que ens ocupa i ens preocupa des dels nostres inicis. L&#8217;aposta per la qualitat del servei al pacient, vetllar per l&#8217;efici\u00e8ncia en els costos per oferir tarifes competitives i treballar pel desenvolupament professional dels nostres empleats i col\u00b7laboradors, s\u00f3n els &hellip; <a href=\"https:\/\/svabarcelona.com\/ca\/la-nostra-proposta-de-valor\/\" class=\"more-link\">Continua la lectura de <span class=\"screen-reader-text\">LA NOSTRA PROPOSTA DE VALOR<\/span> <span class=\"meta-nav\">&rarr;<\/span><\/a><\/p>\n","protected":false},"author":1,"featured_media":0,"parent":0,"menu_order":0,"comment_status":"closed","ping_status":"closed","template":"page-valors.php","meta":{"_acf_changed":false,"footnotes":""},"acf":[],"_links":{"self":[{"href":"https:\/\/svabarcelona.com\/ca\/wp-json\/wp\/v2\/pages\/279"}],"collection":[{"href":"https:\/\/svabarcelona.com\/ca\/wp-json\/wp\/v2\/pages"}],"about":[{"href":"https:\/\/svabarcelona.com\/ca\/wp-json\/wp\/v2\/types\/page"}],"author":[{"embeddable":true,"href":"https:\/\/svabarcelona.com\/ca\/wp-json\/wp\/v2\/users\/1"}],"replies":[{"embeddable":true,"href":"https:\/\/svabarcelona.com\/ca\/wp-json\/wp\/v2\/comments?post=279"}],"version-history":[{"count":10,"href":"https:\/\/svabarcelona.com\/ca\/wp-json\/wp\/v2\/pages\/279\/revisions"}],"predecessor-version":[{"id":704,"href":"https:\/\/svabarcelona.com\/ca\/wp-json\/wp\/v2\/pages\/279\/revisions\/704"}],"wp:attachment":[{"href":"https:\/\/svabarcelona.com\/ca\/wp-json\/wp\/v2\/media?parent=279"}],"curies":[{"name":"wp","href":"https:\/\/api.w.org\/{rel}","templated":true}]}}