{"id":199,"date":"2019-01-16T18:04:15","date_gmt":"2019-01-16T16:04:15","guid":{"rendered":"http:\/\/svabarcelona.com\/nova\/?page_id=199"},"modified":"2019-04-16T15:53:13","modified_gmt":"2019-04-16T13:53:13","slug":"contactar","status":"publish","type":"page","link":"https:\/\/svabarcelona.com\/ca\/contacte\/contactar\/","title":{"rendered":"Contactar"},"content":{"rendered":"\r\n<div>Pots contactar amb nosaltres 24\/7 perqu\u00e8 nosaltres treballem 24\/7.<\/div>\r\n<div><br \/>Tant si ets un professional amb ganes de desenvolupar la teva carrera en l&#8217;\u00e0mbit privat, gaudint del teu treball, com si ets una instituci\u00f3 sanit\u00e0ria que consideres que podem ajudar-te amb la nostra experi\u00e8ncia, contacta amb nosaltres pel canal que prefereixis.<\/div>\r\n","protected":false},"excerpt":{"rendered":"<p>Pots contactar amb nosaltres 24\/7 perqu\u00e8 nosaltres treballem 24\/7. Tant si ets un professional amb ganes de desenvolupar la teva carrera en l&#8217;\u00e0mbit privat, gaudint del teu treball, com si ets una instituci\u00f3 sanit\u00e0ria que consideres que podem ajudar-te amb la nostra experi\u00e8ncia, contacta amb nosaltres pel canal que prefereixis.<\/p>\n","protected":false},"author":1,"featured_media":0,"parent":197,"menu_order":0,"comment_status":"closed","ping_status":"closed","template":"page-contact.php","meta":{"_acf_changed":false,"footnotes":""},"acf":[],"_links":{"self":[{"href":"https:\/\/svabarcelona.com\/ca\/wp-json\/wp\/v2\/pages\/199"}],"collection":[{"href":"https:\/\/svabarcelona.com\/ca\/wp-json\/wp\/v2\/pages"}],"about":[{"href":"https:\/\/svabarcelona.com\/ca\/wp-json\/wp\/v2\/types\/page"}],"author":[{"embeddable":true,"href":"https:\/\/svabarcelona.com\/ca\/wp-json\/wp\/v2\/users\/1"}],"replies":[{"embeddable":true,"href":"https:\/\/svabarcelona.com\/ca\/wp-json\/wp\/v2\/comments?post=199"}],"version-history":[{"count":10,"href":"https:\/\/svabarcelona.com\/ca\/wp-json\/wp\/v2\/pages\/199\/revisions"}],"predecessor-version":[{"id":709,"href":"https:\/\/svabarcelona.com\/ca\/wp-json\/wp\/v2\/pages\/199\/revisions\/709"}],"up":[{"embeddable":true,"href":"https:\/\/svabarcelona.com\/ca\/wp-json\/wp\/v2\/pages\/197"}],"wp:attachment":[{"href":"https:\/\/svabarcelona.com\/ca\/wp-json\/wp\/v2\/media?parent=199"}],"curies":[{"name":"wp","href":"https:\/\/api.w.org\/{rel}","templated":true}]}}