{"id":132,"date":"2019-01-16T13:19:29","date_gmt":"2019-01-16T11:19:29","guid":{"rendered":"http:\/\/svabarcelona.com\/nova\/?page_id=132"},"modified":"2024-03-08T13:15:56","modified_gmt":"2024-03-08T11:15:56","slug":"treballa-amb-nosaltres","status":"publish","type":"page","link":"https:\/\/svabarcelona.com\/ca\/contacte\/treballa-amb-nosaltres\/","title":{"rendered":"TREBALLA AMB NOSALTRES"},"content":{"rendered":"\r\n<p><strong>SVABARCELONA<\/strong> \u00e9s una empresa que busca el desenvolupament professional dels seus col\u00b7laboradors, un desenvolupament de l&#8217;activitat amb els millors mitjans materials i un bon ambient de treball.\u00a0<\/p>\r\n<p>Els metges i infermers de SVABARCELONA s\u00f3n persones amb titulaci\u00f3 espanyola, formaci\u00f3 de postgrau, actitud de formaci\u00f3 continuada i experi\u00e8ncia en el treball assistencial extrahospitalari.\u00a0<\/p>\r\n<p>El perfil dels professionals \u00e9s m\u00faltiple i variat, des personal jove que busquen experi\u00e8ncia i nous reptes en el seu treball, fins s\u00e8niors amb anys d&#8217;experi\u00e8ncia que valoren rebre de l&#8217;empresa un tracte professional, hum\u00e0 i personalitzat, sempre amb respecte absolut a un treball que ens toca realitzar que \u00e9s complex i varia dia rere dia. \u00a0<\/p>\r\n<p>Si consideres que reuneixes aquestes condicions de formaci\u00f3, t&#8217;agraden els reptes i vols incorporar-te a la nostra organitzaci\u00f3, aplica ara.<\/p>\r\n","protected":false},"excerpt":{"rendered":"<p>SVABARCELONA \u00e9s una empresa que busca el desenvolupament professional dels seus col\u00b7laboradors, un desenvolupament de l&#8217;activitat amb els millors mitjans materials i un bon ambient de treball.\u00a0 Els metges i infermers de SVABARCELONA s\u00f3n persones amb titulaci\u00f3 espanyola, formaci\u00f3 de postgrau, actitud de formaci\u00f3 continuada i experi\u00e8ncia en el treball assistencial extrahospitalari.\u00a0 El perfil dels &hellip; <a href=\"https:\/\/svabarcelona.com\/ca\/contacte\/treballa-amb-nosaltres\/\" class=\"more-link\">Continua la lectura de <span class=\"screen-reader-text\">TREBALLA AMB NOSALTRES<\/span> <span class=\"meta-nav\">&rarr;<\/span><\/a><\/p>\n","protected":false},"author":1,"featured_media":0,"parent":197,"menu_order":0,"comment_status":"closed","ping_status":"closed","template":"page-traballa.php","meta":{"_acf_changed":false,"footnotes":""},"acf":[],"_links":{"self":[{"href":"https:\/\/svabarcelona.com\/ca\/wp-json\/wp\/v2\/pages\/132"}],"collection":[{"href":"https:\/\/svabarcelona.com\/ca\/wp-json\/wp\/v2\/pages"}],"about":[{"href":"https:\/\/svabarcelona.com\/ca\/wp-json\/wp\/v2\/types\/page"}],"author":[{"embeddable":true,"href":"https:\/\/svabarcelona.com\/ca\/wp-json\/wp\/v2\/users\/1"}],"replies":[{"embeddable":true,"href":"https:\/\/svabarcelona.com\/ca\/wp-json\/wp\/v2\/comments?post=132"}],"version-history":[{"count":19,"href":"https:\/\/svabarcelona.com\/ca\/wp-json\/wp\/v2\/pages\/132\/revisions"}],"predecessor-version":[{"id":847,"href":"https:\/\/svabarcelona.com\/ca\/wp-json\/wp\/v2\/pages\/132\/revisions\/847"}],"up":[{"embeddable":true,"href":"https:\/\/svabarcelona.com\/ca\/wp-json\/wp\/v2\/pages\/197"}],"wp:attachment":[{"href":"https:\/\/svabarcelona.com\/ca\/wp-json\/wp\/v2\/media?parent=132"}],"curies":[{"name":"wp","href":"https:\/\/api.w.org\/{rel}","templated":true}]}}