{"id":119,"date":"2019-01-16T10:34:07","date_gmt":"2019-01-16T08:34:07","guid":{"rendered":"http:\/\/svabarcelona.com\/nova\/?page_id=119"},"modified":"2019-04-16T16:41:43","modified_gmt":"2019-04-16T14:41:43","slug":"serveis-datencio-urgent-i-emergent-amb-uci-mobil","status":"publish","type":"page","link":"https:\/\/svabarcelona.com\/ca\/serveis\/serveis-datencio-urgent-i-emergent-amb-uci-mobil\/","title":{"rendered":"SERVEIS D&#8217;ATENCI\u00d3 URGENT I EMERGENT AMB UCI M\u00d2BIL"},"content":{"rendered":"\r\n<p>Atenem 365 dies a l&#8217;any l&#8217;atenci\u00f3 urgent i emergent al pacient que requereix serveis d&#8217;UCI m\u00f2bil a domicili a Barcelona capital i tota la seva \u00e0rea metropolitana.\u00a0<\/p>\r\n<p>Amb un model dissenyat d&#8217;atenci\u00f3 m\u00e8dica intervencionista en els primers instants d&#8217;ocurr\u00e8ncia de la malaltia, es compta amb professionals (metges i infermers), equipament i vehicles de suport vital avan\u00e7at que permeten l&#8217;estabilitzaci\u00f3 del malalt en domicili i un trasllat posterior al servei de urg\u00e8ncies de l&#8217;hospital de destinaci\u00f3 amb m\u00e9s perspectives de superviv\u00e8ncia<\/p>\r\n","protected":false},"excerpt":{"rendered":"<p>Atenem 365 dies a l&#8217;any l&#8217;atenci\u00f3 urgent i emergent al pacient que requereix serveis d&#8217;UCI m\u00f2bil a domicili a Barcelona capital i tota la seva \u00e0rea metropolitana.\u00a0 Amb un model dissenyat d&#8217;atenci\u00f3 m\u00e8dica intervencionista en els primers instants d&#8217;ocurr\u00e8ncia de la malaltia, es compta amb professionals (metges i infermers), equipament i vehicles de suport vital &hellip; <a href=\"https:\/\/svabarcelona.com\/ca\/serveis\/serveis-datencio-urgent-i-emergent-amb-uci-mobil\/\" class=\"more-link\">Continua la lectura de <span class=\"screen-reader-text\">SERVEIS D&#8217;ATENCI\u00d3 URGENT I EMERGENT AMB UCI M\u00d2BIL<\/span> <span class=\"meta-nav\">&rarr;<\/span><\/a><\/p>\n","protected":false},"author":1,"featured_media":0,"parent":65,"menu_order":0,"comment_status":"closed","ping_status":"closed","template":"page-serveisdins.php","meta":{"_acf_changed":false,"footnotes":""},"acf":[],"_links":{"self":[{"href":"https:\/\/svabarcelona.com\/ca\/wp-json\/wp\/v2\/pages\/119"}],"collection":[{"href":"https:\/\/svabarcelona.com\/ca\/wp-json\/wp\/v2\/pages"}],"about":[{"href":"https:\/\/svabarcelona.com\/ca\/wp-json\/wp\/v2\/types\/page"}],"author":[{"embeddable":true,"href":"https:\/\/svabarcelona.com\/ca\/wp-json\/wp\/v2\/users\/1"}],"replies":[{"embeddable":true,"href":"https:\/\/svabarcelona.com\/ca\/wp-json\/wp\/v2\/comments?post=119"}],"version-history":[{"count":9,"href":"https:\/\/svabarcelona.com\/ca\/wp-json\/wp\/v2\/pages\/119\/revisions"}],"predecessor-version":[{"id":721,"href":"https:\/\/svabarcelona.com\/ca\/wp-json\/wp\/v2\/pages\/119\/revisions\/721"}],"up":[{"embeddable":true,"href":"https:\/\/svabarcelona.com\/ca\/wp-json\/wp\/v2\/pages\/65"}],"wp:attachment":[{"href":"https:\/\/svabarcelona.com\/ca\/wp-json\/wp\/v2\/media?parent=119"}],"curies":[{"name":"wp","href":"https:\/\/api.w.org\/{rel}","templated":true}]}}