{"id":11,"date":"2019-01-14T16:27:52","date_gmt":"2019-01-14T14:27:52","guid":{"rendered":"http:\/\/svabarcelona.com\/nova\/?page_id=11"},"modified":"2019-04-16T15:25:52","modified_gmt":"2019-04-16T13:25:52","slug":"qui-som","status":"publish","type":"page","link":"https:\/\/svabarcelona.com\/ca\/qui-som\/","title":{"rendered":"Qu\u00ed som"},"content":{"rendered":"\r\n<p><strong>Barcelona Gesti\u00f3 i Serveis de Suport Vital Avan\u00e7at SL<\/strong> \u00e9s una societat limitada professional de capital privat independent formada per metges on no participen entitats asseguradores ni mutualitats. La societat neix el 2011 per a prestar serveis m\u00e8dics d&#8217;emerg\u00e8ncia en l&#8217;\u00e0mbit extrahospitalari.<\/p>\r\n<p><strong><br \/>SVAbarcelona<\/strong> es defineix com una companyia assistencial que treballa per a empreses de transport sanitari i institucions hospital\u00e0ries, aportant la seva experi\u00e8ncia i capacitat de gesti\u00f3 per guanyar qualitat assistencial i efici\u00e8ncia en la sempre dif\u00edcil gesti\u00f3 d&#8217;equips de persones amb alta capacitaci\u00f3. SVAbarcelona gestiona exclusivament equips facultatius, \u00e9s a dir, la dotaci\u00f3 assistencial, d&#8217;unitats de transport terrestre i aeri de suport vital avan\u00e7at medicalitzat i serveis d&#8217;urg\u00e8ncies hospitalaris.<\/p>\r\n\r\n\r\n\r\n\r\n","protected":false},"excerpt":{"rendered":"<p>Barcelona Gesti\u00f3 i Serveis de Suport Vital Avan\u00e7at SL \u00e9s una societat limitada professional de capital privat independent formada per metges on no participen entitats asseguradores ni mutualitats. La societat neix el 2011 per a prestar serveis m\u00e8dics d&#8217;emerg\u00e8ncia en l&#8217;\u00e0mbit extrahospitalari. SVAbarcelona es defineix com una companyia assistencial que treballa per a empreses de &hellip; <a href=\"https:\/\/svabarcelona.com\/ca\/qui-som\/\" class=\"more-link\">Continua la lectura de <span class=\"screen-reader-text\">Qu\u00ed som<\/span> <span class=\"meta-nav\">&rarr;<\/span><\/a><\/p>\n","protected":false},"author":1,"featured_media":0,"parent":0,"menu_order":0,"comment_status":"closed","ping_status":"closed","template":"page-empresa.php","meta":{"_acf_changed":false,"footnotes":""},"acf":[],"_links":{"self":[{"href":"https:\/\/svabarcelona.com\/ca\/wp-json\/wp\/v2\/pages\/11"}],"collection":[{"href":"https:\/\/svabarcelona.com\/ca\/wp-json\/wp\/v2\/pages"}],"about":[{"href":"https:\/\/svabarcelona.com\/ca\/wp-json\/wp\/v2\/types\/page"}],"author":[{"embeddable":true,"href":"https:\/\/svabarcelona.com\/ca\/wp-json\/wp\/v2\/users\/1"}],"replies":[{"embeddable":true,"href":"https:\/\/svabarcelona.com\/ca\/wp-json\/wp\/v2\/comments?post=11"}],"version-history":[{"count":40,"href":"https:\/\/svabarcelona.com\/ca\/wp-json\/wp\/v2\/pages\/11\/revisions"}],"predecessor-version":[{"id":694,"href":"https:\/\/svabarcelona.com\/ca\/wp-json\/wp\/v2\/pages\/11\/revisions\/694"}],"wp:attachment":[{"href":"https:\/\/svabarcelona.com\/ca\/wp-json\/wp\/v2\/media?parent=11"}],"curies":[{"name":"wp","href":"https:\/\/api.w.org\/{rel}","templated":true}]}}