{"id":103,"date":"2019-01-15T18:04:53","date_gmt":"2019-01-15T16:04:53","guid":{"rendered":"http:\/\/svabarcelona.com\/nova\/?page_id=103"},"modified":"2019-04-16T15:31:23","modified_gmt":"2019-04-16T13:31:23","slug":"valors","status":"publish","type":"page","link":"https:\/\/svabarcelona.com\/ca\/valors\/","title":{"rendered":"Valors"},"content":{"rendered":"\r\n<p><strong>SVAbarcelona<\/strong> aposta decididament per aportar valor tant a les companyies amb les quals col\u00b7labora com als professionals amb els quals treballa. Estem conven\u00e7uts que nom\u00e9s la suma d&#8217;un valor diferencial evident, permet cr\u00e9ixer rec\u00edprocament al costat dels seus Partners i progressar al costat d&#8217;ells.<br \/><br \/><\/p>\r\n<p><strong>SVAbarcelona<\/strong> vetlla per oferir un bon ambient de treball als seus professionals, riquesa en la casu\u00edstica del seu dia a dia, bons mitjans materials i equipament, i accessibilitat directa als stakeholders. Aconseguint una relaci\u00f3 personalitzada i comunicaci\u00f3 bidireccional amb els professionals, s&#8217;ofereix bona qualitat de servei a les institucions amb les quals col\u00b7labora.<\/p>\r\n\r\n\r\n","protected":false},"excerpt":{"rendered":"<p>SVAbarcelona aposta decididament per aportar valor tant a les companyies amb les quals col\u00b7labora com als professionals amb els quals treballa. Estem conven\u00e7uts que nom\u00e9s la suma d&#8217;un valor diferencial evident, permet cr\u00e9ixer rec\u00edprocament al costat dels seus Partners i progressar al costat d&#8217;ells. SVAbarcelona vetlla per oferir un bon ambient de treball als seus &hellip; <a href=\"https:\/\/svabarcelona.com\/ca\/valors\/\" class=\"more-link\">Continua la lectura de <span class=\"screen-reader-text\">Valors<\/span> <span class=\"meta-nav\">&rarr;<\/span><\/a><\/p>\n","protected":false},"author":1,"featured_media":0,"parent":0,"menu_order":0,"comment_status":"closed","ping_status":"closed","template":"page-valors.php","meta":{"_acf_changed":false,"footnotes":""},"acf":[],"_links":{"self":[{"href":"https:\/\/svabarcelona.com\/ca\/wp-json\/wp\/v2\/pages\/103"}],"collection":[{"href":"https:\/\/svabarcelona.com\/ca\/wp-json\/wp\/v2\/pages"}],"about":[{"href":"https:\/\/svabarcelona.com\/ca\/wp-json\/wp\/v2\/types\/page"}],"author":[{"embeddable":true,"href":"https:\/\/svabarcelona.com\/ca\/wp-json\/wp\/v2\/users\/1"}],"replies":[{"embeddable":true,"href":"https:\/\/svabarcelona.com\/ca\/wp-json\/wp\/v2\/comments?post=103"}],"version-history":[{"count":16,"href":"https:\/\/svabarcelona.com\/ca\/wp-json\/wp\/v2\/pages\/103\/revisions"}],"predecessor-version":[{"id":699,"href":"https:\/\/svabarcelona.com\/ca\/wp-json\/wp\/v2\/pages\/103\/revisions\/699"}],"wp:attachment":[{"href":"https:\/\/svabarcelona.com\/ca\/wp-json\/wp\/v2\/media?parent=103"}],"curies":[{"name":"wp","href":"https:\/\/api.w.org\/{rel}","templated":true}]}}